{"id":228,"date":"2018-01-13T20:28:44","date_gmt":"2018-01-13T19:28:44","guid":{"rendered":"http:\/\/lydiepatonnier.fr\/?page_id=228"},"modified":"2018-11-19T09:07:02","modified_gmt":"2018-11-19T08:07:02","slug":"competences","status":"publish","type":"page","link":"https:\/\/lydiepatonnier.fr\/?page_id=228","title":{"rendered":"Comp\u00e9tences"},"content":{"rendered":"<p><span style=\"font-size: 12pt;\"><strong>Restauration de peintures murales patrimoniales<\/strong><\/span><\/p>\n<p><span style=\"font-size: 10pt;\"><strong>Conservation<\/strong>\u00a0: D\u00e9poussi\u00e9rage\/nettoyage, traitements des sels, purges d\u2019enduits modernes et\/ou d\u00e9fectueux,\u00a0<\/span><span style=\"font-size: 10pt;\">consolidation du support, bouchage\/masticage et refixage de la couche picturale.<\/span><\/p>\n<p><span style=\"font-size: 10pt;\"><strong>Restauration<\/strong>\u00a0: Retouche picturale des usures, accidents et lacunes. Restitution des zones lacunaires.<\/span><\/p>\n<p><span style=\"font-size: 10pt;\">. Restauration de d\u00e9cors peints sur enduit, stuc, pl\u00e2tre, gypse, pierre, badigeon de chaux, lambris et bois polychromes.<\/span><\/p>\n<p><span style=\"font-size: 10pt;\">. Travaux de sondages stratigraphiques, relev\u00e9 sanitaire, pr\u00e9l\u00e8vement pour analyse, constat d\u2019\u00e9tat et \u00e9tude pr\u00e9alable.<\/span><\/p>\n<p><span style=\"font-size: 10pt;\">. Dossier d\u2019Ouvrage Ex\u00e9cut\u00e9.<\/span><\/p>\n<p><span style=\"font-size: 10pt;\">. Gestion d\u2019\u00e9quipe et de mat\u00e9riel, suivi de chantier avec ma\u00eetrise d\u2019\u0153uvre et ma\u00eetrise d\u2019ouvrage.<\/span><\/p>\n","protected":false},"excerpt":{"rendered":"<p>Restauration de peintures murales patrimoniales Conservation\u00a0: D\u00e9poussi\u00e9rage\/nettoyage, traitements des sels, purges d\u2019enduits modernes et\/ou d\u00e9fectueux,\u00a0consolidation du support, bouchage\/masticage et refixage de la couche picturale. Restauration\u00a0: Retouche picturale des usures, accidents et lacunes. Restitution des zones lacunaires. . Restauration de d\u00e9cors peints sur enduit, stuc, pl\u00e2tre, gypse, pierre, badigeon de chaux, lambris et bois polychromes. . [&hellip;]<\/p>\n","protected":false},"author":1,"featured_media":0,"parent":0,"menu_order":0,"comment_status":"closed","ping_status":"closed","template":"","meta":[],"_links":{"self":[{"href":"https:\/\/lydiepatonnier.fr\/index.php?rest_route=\/wp\/v2\/pages\/228"}],"collection":[{"href":"https:\/\/lydiepatonnier.fr\/index.php?rest_route=\/wp\/v2\/pages"}],"about":[{"href":"https:\/\/lydiepatonnier.fr\/index.php?rest_route=\/wp\/v2\/types\/page"}],"author":[{"embeddable":true,"href":"https:\/\/lydiepatonnier.fr\/index.php?rest_route=\/wp\/v2\/users\/1"}],"replies":[{"embeddable":true,"href":"https:\/\/lydiepatonnier.fr\/index.php?rest_route=%2Fwp%2Fv2%2Fcomments&post=228"}],"version-history":[{"count":6,"href":"https:\/\/lydiepatonnier.fr\/index.php?rest_route=\/wp\/v2\/pages\/228\/revisions"}],"predecessor-version":[{"id":478,"href":"https:\/\/lydiepatonnier.fr\/index.php?rest_route=\/wp\/v2\/pages\/228\/revisions\/478"}],"wp:attachment":[{"href":"https:\/\/lydiepatonnier.fr\/index.php?rest_route=%2Fwp%2Fv2%2Fmedia&parent=228"}],"curies":[{"name":"wp","href":"https:\/\/api.w.org\/{rel}","templated":true}]}}