{"id":36,"date":"2017-09-20T15:20:54","date_gmt":"2017-09-20T13:20:54","guid":{"rendered":"http:\/\/lydiepatonnier.fr\/?page_id=36"},"modified":"2018-05-16T22:14:08","modified_gmt":"2018-05-16T20:14:08","slug":"peinture-decorative","status":"publish","type":"page","link":"https:\/\/lydiepatonnier.fr\/?page_id=36","title":{"rendered":"Sculpture polychrome"},"content":{"rendered":"<p>P<span style=\"font-size: 10pt;\">articulier : Sculpture en bois dor\u00e9 polychrome. \u00a0 \u00a0<\/span>\u00a0 \u00a0 \u00a0 \u00a0 \u00a0 \u00a0 \u00a0 \u00a0\u00a0<a href=\"http:\/\/lydiepatonnier.fr\/?page_id=2\">Retour R\u00e9alisations<\/a><\/p>\n<p><img loading=\"lazy\" class=\"alignnone wp-image-288\" src=\"http:\/\/lydiepatonnier.fr\/wp-content\/uploads\/2018\/02\/1.-Etat-avant-intervention-300x295.jpg\" alt=\"\" width=\"248\" height=\"244\" srcset=\"https:\/\/lydiepatonnier.fr\/wp-content\/uploads\/2018\/02\/1.-Etat-avant-intervention-300x295.jpg 300w, https:\/\/lydiepatonnier.fr\/wp-content\/uploads\/2018\/02\/1.-Etat-avant-intervention-768x756.jpg 768w, https:\/\/lydiepatonnier.fr\/wp-content\/uploads\/2018\/02\/1.-Etat-avant-intervention-700x689.jpg 700w, https:\/\/lydiepatonnier.fr\/wp-content\/uploads\/2018\/02\/1.-Etat-avant-intervention.jpg 1181w\" sizes=\"(max-width: 248px) 100vw, 248px\" \/>\u00a0\u00a0<img loading=\"lazy\" class=\"alignnone wp-image-296\" src=\"http:\/\/lydiepatonnier.fr\/wp-content\/uploads\/2018\/02\/D\u00e9tail-de-d\u00e9crassage-au-b\u00e2tonnet-225x300.jpg\" alt=\"\" width=\"178\" height=\"237\" srcset=\"https:\/\/lydiepatonnier.fr\/wp-content\/uploads\/2018\/02\/D\u00e9tail-de-d\u00e9crassage-au-b\u00e2tonnet-225x300.jpg 225w, https:\/\/lydiepatonnier.fr\/wp-content\/uploads\/2018\/02\/D\u00e9tail-de-d\u00e9crassage-au-b\u00e2tonnet-768x1024.jpg 768w, https:\/\/lydiepatonnier.fr\/wp-content\/uploads\/2018\/02\/D\u00e9tail-de-d\u00e9crassage-au-b\u00e2tonnet-700x933.jpg 700w, https:\/\/lydiepatonnier.fr\/wp-content\/uploads\/2018\/02\/D\u00e9tail-de-d\u00e9crassage-au-b\u00e2tonnet.jpg 900w\" sizes=\"(max-width: 178px) 100vw, 178px\" \/>\u00a0 \u00a0 \u00a0<img loading=\"lazy\" class=\"alignnone wp-image-289\" src=\"http:\/\/lydiepatonnier.fr\/wp-content\/uploads\/2018\/02\/2.-Etat-pendant-d\u00e9crassage-225x300.jpg\" alt=\"\" width=\"178\" height=\"237\" srcset=\"https:\/\/lydiepatonnier.fr\/wp-content\/uploads\/2018\/02\/2.-Etat-pendant-d\u00e9crassage-225x300.jpg 225w, https:\/\/lydiepatonnier.fr\/wp-content\/uploads\/2018\/02\/2.-Etat-pendant-d\u00e9crassage-768x1024.jpg 768w, https:\/\/lydiepatonnier.fr\/wp-content\/uploads\/2018\/02\/2.-Etat-pendant-d\u00e9crassage-700x934.jpg 700w, https:\/\/lydiepatonnier.fr\/wp-content\/uploads\/2018\/02\/2.-Etat-pendant-d\u00e9crassage.jpg 1181w\" sizes=\"(max-width: 178px) 100vw, 178px\" \/><img loading=\"lazy\" class=\"alignnone wp-image-304\" src=\"http:\/\/lydiepatonnier.fr\/wp-content\/uploads\/2018\/02\/Retouche-picturale-par-application-de-glacis-aquarell\u00e9s-225x300.jpg\" alt=\"\" width=\"178\" height=\"237\" srcset=\"https:\/\/lydiepatonnier.fr\/wp-content\/uploads\/2018\/02\/Retouche-picturale-par-application-de-glacis-aquarell\u00e9s-225x300.jpg 225w, https:\/\/lydiepatonnier.fr\/wp-content\/uploads\/2018\/02\/Retouche-picturale-par-application-de-glacis-aquarell\u00e9s-768x1024.jpg 768w, https:\/\/lydiepatonnier.fr\/wp-content\/uploads\/2018\/02\/Retouche-picturale-par-application-de-glacis-aquarell\u00e9s-700x933.jpg 700w, https:\/\/lydiepatonnier.fr\/wp-content\/uploads\/2018\/02\/Retouche-picturale-par-application-de-glacis-aquarell\u00e9s.jpg 900w\" sizes=\"(max-width: 178px) 100vw, 178px\" \/>\u00a0<img loading=\"lazy\" class=\"alignnone wp-image-290\" src=\"http:\/\/lydiepatonnier.fr\/wp-content\/uploads\/2018\/02\/3.-Etat-apr\u00e8s-reprise-des-appr\u00eats-287x300.jpg\" alt=\"\" width=\"232\" height=\"242\" srcset=\"https:\/\/lydiepatonnier.fr\/wp-content\/uploads\/2018\/02\/3.-Etat-apr\u00e8s-reprise-des-appr\u00eats-287x300.jpg 287w, https:\/\/lydiepatonnier.fr\/wp-content\/uploads\/2018\/02\/3.-Etat-apr\u00e8s-reprise-des-appr\u00eats-768x803.jpg 768w, https:\/\/lydiepatonnier.fr\/wp-content\/uploads\/2018\/02\/3.-Etat-apr\u00e8s-reprise-des-appr\u00eats-700x732.jpg 700w, https:\/\/lydiepatonnier.fr\/wp-content\/uploads\/2018\/02\/3.-Etat-apr\u00e8s-reprise-des-appr\u00eats.jpg 1181w\" sizes=\"(max-width: 232px) 100vw, 232px\" \/>\u00a0<img loading=\"lazy\" class=\"alignnone wp-image-291\" src=\"http:\/\/lydiepatonnier.fr\/wp-content\/uploads\/2018\/02\/4.-Etat-apr\u00e8s-application-de-lassi\u00e8te-pour-la-dorure-\u00e0-leau-280x300.jpg\" alt=\"\" width=\"227\" height=\"243\" srcset=\"https:\/\/lydiepatonnier.fr\/wp-content\/uploads\/2018\/02\/4.-Etat-apr\u00e8s-application-de-lassi\u00e8te-pour-la-dorure-\u00e0-leau-280x300.jpg 280w, https:\/\/lydiepatonnier.fr\/wp-content\/uploads\/2018\/02\/4.-Etat-apr\u00e8s-application-de-lassi\u00e8te-pour-la-dorure-\u00e0-leau-768x822.jpg 768w, https:\/\/lydiepatonnier.fr\/wp-content\/uploads\/2018\/02\/4.-Etat-apr\u00e8s-application-de-lassi\u00e8te-pour-la-dorure-\u00e0-leau-700x749.jpg 700w, https:\/\/lydiepatonnier.fr\/wp-content\/uploads\/2018\/02\/4.-Etat-apr\u00e8s-application-de-lassi\u00e8te-pour-la-dorure-\u00e0-leau.jpg 1181w\" sizes=\"(max-width: 227px) 100vw, 227px\" \/><\/p>\n<p><img loading=\"lazy\" class=\"alignnone wp-image-297\" src=\"http:\/\/lydiepatonnier.fr\/wp-content\/uploads\/2018\/02\/Dorure-Application-de-lassiette-300x225.jpg\" alt=\"\" width=\"279\" height=\"209\" srcset=\"https:\/\/lydiepatonnier.fr\/wp-content\/uploads\/2018\/02\/Dorure-Application-de-lassiette-300x225.jpg 300w, https:\/\/lydiepatonnier.fr\/wp-content\/uploads\/2018\/02\/Dorure-Application-de-lassiette-768x576.jpg 768w, https:\/\/lydiepatonnier.fr\/wp-content\/uploads\/2018\/02\/Dorure-Application-de-lassiette-700x525.jpg 700w\" sizes=\"(max-width: 279px) 100vw, 279px\" \/>\u00a0 \u00a0 \u00a0 \u00a0 \u00a0 \u00a0<img loading=\"lazy\" class=\"alignnone wp-image-299\" src=\"http:\/\/lydiepatonnier.fr\/wp-content\/uploads\/2018\/02\/Dorure-Chi\u00e8nage-apr\u00e8s-pose-de-lassi\u00e8tte-300x225.jpg\" alt=\"\" width=\"279\" height=\"209\" srcset=\"https:\/\/lydiepatonnier.fr\/wp-content\/uploads\/2018\/02\/Dorure-Chi\u00e8nage-apr\u00e8s-pose-de-lassi\u00e8tte-300x225.jpg 300w, https:\/\/lydiepatonnier.fr\/wp-content\/uploads\/2018\/02\/Dorure-Chi\u00e8nage-apr\u00e8s-pose-de-lassi\u00e8tte-768x576.jpg 768w, https:\/\/lydiepatonnier.fr\/wp-content\/uploads\/2018\/02\/Dorure-Chi\u00e8nage-apr\u00e8s-pose-de-lassi\u00e8tte-700x525.jpg 700w, https:\/\/lydiepatonnier.fr\/wp-content\/uploads\/2018\/02\/Dorure-Chi\u00e8nage-apr\u00e8s-pose-de-lassi\u00e8tte.jpg 1200w\" sizes=\"(max-width: 279px) 100vw, 279px\" \/><img loading=\"lazy\" class=\"alignnone size-medium wp-image-302\" src=\"http:\/\/lydiepatonnier.fr\/wp-content\/uploads\/2018\/02\/Pose-de-la-feuille-dor-300x225.jpg\" alt=\"\" width=\"300\" height=\"225\" srcset=\"https:\/\/lydiepatonnier.fr\/wp-content\/uploads\/2018\/02\/Pose-de-la-feuille-dor-300x225.jpg 300w, https:\/\/lydiepatonnier.fr\/wp-content\/uploads\/2018\/02\/Pose-de-la-feuille-dor-768x576.jpg 768w, https:\/\/lydiepatonnier.fr\/wp-content\/uploads\/2018\/02\/Pose-de-la-feuille-dor-700x525.jpg 700w, https:\/\/lydiepatonnier.fr\/wp-content\/uploads\/2018\/02\/Pose-de-la-feuille-dor.jpg 1200w\" sizes=\"(max-width: 300px) 100vw, 300px\" \/>\u00a0 \u00a0 \u00a0 \u00a0<img loading=\"lazy\" class=\"alignnone size-medium wp-image-292\" src=\"http:\/\/lydiepatonnier.fr\/wp-content\/uploads\/2018\/02\/5.-Etat-apr\u00e8s-intervention-300x260.jpg\" alt=\"\" width=\"300\" height=\"260\" srcset=\"https:\/\/lydiepatonnier.fr\/wp-content\/uploads\/2018\/02\/5.-Etat-apr\u00e8s-intervention-300x260.jpg 300w, https:\/\/lydiepatonnier.fr\/wp-content\/uploads\/2018\/02\/5.-Etat-apr\u00e8s-intervention-768x665.jpg 768w, https:\/\/lydiepatonnier.fr\/wp-content\/uploads\/2018\/02\/5.-Etat-apr\u00e8s-intervention-700x606.jpg 700w, https:\/\/lydiepatonnier.fr\/wp-content\/uploads\/2018\/02\/5.-Etat-apr\u00e8s-intervention.jpg 1181w\" sizes=\"(max-width: 300px) 100vw, 300px\" \/><\/p>\n<p>&nbsp;<\/p>\n","protected":false},"excerpt":{"rendered":"<p>Particulier : Sculpture en bois dor\u00e9 polychrome. \u00a0 \u00a0\u00a0 \u00a0 \u00a0 \u00a0 \u00a0 \u00a0 \u00a0 \u00a0\u00a0Retour R\u00e9alisations \u00a0\u00a0\u00a0 \u00a0 \u00a0\u00a0\u00a0 \u00a0 \u00a0 \u00a0 \u00a0 \u00a0 \u00a0\u00a0 \u00a0 \u00a0 \u00a0 &nbsp;<\/p>\n","protected":false},"author":1,"featured_media":0,"parent":377,"menu_order":2,"comment_status":"closed","ping_status":"closed","template":"","meta":[],"_links":{"self":[{"href":"https:\/\/lydiepatonnier.fr\/index.php?rest_route=\/wp\/v2\/pages\/36"}],"collection":[{"href":"https:\/\/lydiepatonnier.fr\/index.php?rest_route=\/wp\/v2\/pages"}],"about":[{"href":"https:\/\/lydiepatonnier.fr\/index.php?rest_route=\/wp\/v2\/types\/page"}],"author":[{"embeddable":true,"href":"https:\/\/lydiepatonnier.fr\/index.php?rest_route=\/wp\/v2\/users\/1"}],"replies":[{"embeddable":true,"href":"https:\/\/lydiepatonnier.fr\/index.php?rest_route=%2Fwp%2Fv2%2Fcomments&post=36"}],"version-history":[{"count":36,"href":"https:\/\/lydiepatonnier.fr\/index.php?rest_route=\/wp\/v2\/pages\/36\/revisions"}],"predecessor-version":[{"id":391,"href":"https:\/\/lydiepatonnier.fr\/index.php?rest_route=\/wp\/v2\/pages\/36\/revisions\/391"}],"up":[{"embeddable":true,"href":"https:\/\/lydiepatonnier.fr\/index.php?rest_route=\/wp\/v2\/pages\/377"}],"wp:attachment":[{"href":"https:\/\/lydiepatonnier.fr\/index.php?rest_route=%2Fwp%2Fv2%2Fmedia&parent=36"}],"curies":[{"name":"wp","href":"https:\/\/api.w.org\/{rel}","templated":true}]}}