{"id":46,"date":"2017-09-20T15:41:30","date_gmt":"2017-09-20T13:41:30","guid":{"rendered":"http:\/\/lydiepatonnier.fr\/?page_id=46"},"modified":"2021-07-27T15:44:10","modified_gmt":"2021-07-27T13:44:10","slug":"accueil","status":"publish","type":"page","link":"https:\/\/lydiepatonnier.fr\/","title":{"rendered":"Accueil"},"content":{"rendered":"<p><img loading=\"lazy\" class=\"alignnone size-medium wp-image-450\" src=\"http:\/\/lydiepatonnier.fr\/wp-content\/uploads\/2018\/07\/Etat-apr\u00e8s-intervention9-1-225x300.jpg\" alt=\"\" width=\"225\" height=\"300\" srcset=\"https:\/\/lydiepatonnier.fr\/wp-content\/uploads\/2018\/07\/Etat-apr\u00e8s-intervention9-1-225x300.jpg 225w, https:\/\/lydiepatonnier.fr\/wp-content\/uploads\/2018\/07\/Etat-apr\u00e8s-intervention9-1-768x1024.jpg 768w, https:\/\/lydiepatonnier.fr\/wp-content\/uploads\/2018\/07\/Etat-apr\u00e8s-intervention9-1-700x934.jpg 700w, https:\/\/lydiepatonnier.fr\/wp-content\/uploads\/2018\/07\/Etat-apr\u00e8s-intervention9-1.jpg 1181w\" sizes=\"(max-width: 225px) 100vw, 225px\" \/>\u00a0<img loading=\"lazy\" class=\"alignnone wp-image-326\" src=\"http:\/\/lydiepatonnier.fr\/wp-content\/uploads\/2018\/04\/IMG_2696-1-300x225.jpg\" alt=\"\" width=\"400\" height=\"300\" srcset=\"https:\/\/lydiepatonnier.fr\/wp-content\/uploads\/2018\/04\/IMG_2696-1-300x225.jpg 300w, https:\/\/lydiepatonnier.fr\/wp-content\/uploads\/2018\/04\/IMG_2696-1-768x576.jpg 768w, https:\/\/lydiepatonnier.fr\/wp-content\/uploads\/2018\/04\/IMG_2696-1-700x525.jpg 700w\" sizes=\"(max-width: 400px) 100vw, 400px\" \/><\/p>\n<div><span style=\"font-size: 10pt;\">Cath\u00e9drale Notre Dame de Nazareth &#8211; Orange Vaucluse (84) &#8211;\u00a0<\/span><span style=\"font-size: 10pt;\">Epoque 17\u00e8me si\u00e8cle<\/span><\/div>\n<div><span style=\"font-size: 10pt;\">Chantier r\u00e9alis\u00e9 au sein de l&rsquo;atelier Art Culture &amp; Patrimoine<\/span><\/div>\n<p>Site en cours de r\u00e9alisation.<\/p>\n","protected":false},"excerpt":{"rendered":"<p>\u00a0 Cath\u00e9drale Notre Dame de Nazareth &#8211; Orange Vaucluse (84) &#8211;\u00a0Epoque 17\u00e8me si\u00e8cle Chantier r\u00e9alis\u00e9 au sein de l&rsquo;atelier Art Culture &amp; Patrimoine Site en cours de r\u00e9alisation.<\/p>\n","protected":false},"author":1,"featured_media":0,"parent":0,"menu_order":0,"comment_status":"closed","ping_status":"closed","template":"","meta":[],"_links":{"self":[{"href":"https:\/\/lydiepatonnier.fr\/index.php?rest_route=\/wp\/v2\/pages\/46"}],"collection":[{"href":"https:\/\/lydiepatonnier.fr\/index.php?rest_route=\/wp\/v2\/pages"}],"about":[{"href":"https:\/\/lydiepatonnier.fr\/index.php?rest_route=\/wp\/v2\/types\/page"}],"author":[{"embeddable":true,"href":"https:\/\/lydiepatonnier.fr\/index.php?rest_route=\/wp\/v2\/users\/1"}],"replies":[{"embeddable":true,"href":"https:\/\/lydiepatonnier.fr\/index.php?rest_route=%2Fwp%2Fv2%2Fcomments&post=46"}],"version-history":[{"count":24,"href":"https:\/\/lydiepatonnier.fr\/index.php?rest_route=\/wp\/v2\/pages\/46\/revisions"}],"predecessor-version":[{"id":488,"href":"https:\/\/lydiepatonnier.fr\/index.php?rest_route=\/wp\/v2\/pages\/46\/revisions\/488"}],"wp:attachment":[{"href":"https:\/\/lydiepatonnier.fr\/index.php?rest_route=%2Fwp%2Fv2%2Fmedia&parent=46"}],"curies":[{"name":"wp","href":"https:\/\/api.w.org\/{rel}","templated":true}]}}