{"id":81,"date":"2017-09-24T14:21:18","date_gmt":"2017-09-24T12:21:18","guid":{"rendered":"http:\/\/lydiepatonnier.fr\/?page_id=81"},"modified":"2021-08-02T22:07:38","modified_gmt":"2021-08-02T20:07:38","slug":"parcours","status":"publish","type":"page","link":"https:\/\/lydiepatonnier.fr\/?page_id=81","title":{"rendered":"Parcours"},"content":{"rendered":"<p><span style=\"font-size: 10pt;\">Suite \u00e0 l&rsquo;obtention d&rsquo;un master 2 en Art \u00e0 l&rsquo;\u00e9cole sup\u00e9rieure d&rsquo;art de Saint Etienne, j&rsquo;ai pu int\u00e9grer l&rsquo;atelier Arcoa o\u00f9 j&rsquo;ai pratiqu\u00e9 sur le terrain pendant 17ans jusqu&rsquo;en juin 2016.<\/span><\/p>\n<p><span style=\"font-size: 10pt;\">Durant ces ann\u00e9es, j&rsquo;ai \u00e9t\u00e9 amen\u00e9e \u00e0 travailler en tant que salari\u00e9 et aussi chef de chantier sur des b\u00e2timents patrimoniaux \u00e0 Paris et en Province. Au fil des ann\u00e9es, j&rsquo;ai exerc\u00e9 ce m\u00e9tier avec passion et t\u00e9nacit\u00e9 et c&rsquo;est d&rsquo;ailleurs chaque fois un privil\u00e8ge d&rsquo;\u00eatre au c\u0153ur d&rsquo;un chantier en des lieus recul\u00e9s ou prestigieux.\u00a0<\/span><\/p>\n<p><span style=\"font-size: 10pt;\">Aujourd&rsquo;hui ind\u00e9pendante, je poursuis \u00a0aupr\u00e8s de particuliers ou en sous-traitance pour diff\u00e9rents ateliers : Atelier De Ricou, Atelier Pierre &amp; Patrimoine, Entreprise Chevalier, Atelier Bouvier, Atelier Arcoa, Atelier Artema.<\/span><\/p>\n<p><span style=\"font-size: 10pt;\">Chantier actuel : Atelier De Ricou &#8211; Sous traitance &#8211; <\/span><span style=\"font-size: 10pt;\">Palais du Roi de Rome &#8211; Conservation\/restauration du pavillon du verger.<\/span><\/p>\n","protected":false},"excerpt":{"rendered":"<p>Suite \u00e0 l&rsquo;obtention d&rsquo;un master 2 en Art \u00e0 l&rsquo;\u00e9cole sup\u00e9rieure d&rsquo;art de Saint Etienne, j&rsquo;ai pu int\u00e9grer l&rsquo;atelier Arcoa o\u00f9 j&rsquo;ai pratiqu\u00e9 sur le terrain pendant 17ans jusqu&rsquo;en juin 2016. Durant ces ann\u00e9es, j&rsquo;ai \u00e9t\u00e9 amen\u00e9e \u00e0 travailler en tant que salari\u00e9 et aussi chef de chantier sur des b\u00e2timents patrimoniaux \u00e0 Paris et [&hellip;]<\/p>\n","protected":false},"author":1,"featured_media":0,"parent":0,"menu_order":4,"comment_status":"closed","ping_status":"closed","template":"","meta":[],"_links":{"self":[{"href":"https:\/\/lydiepatonnier.fr\/index.php?rest_route=\/wp\/v2\/pages\/81"}],"collection":[{"href":"https:\/\/lydiepatonnier.fr\/index.php?rest_route=\/wp\/v2\/pages"}],"about":[{"href":"https:\/\/lydiepatonnier.fr\/index.php?rest_route=\/wp\/v2\/types\/page"}],"author":[{"embeddable":true,"href":"https:\/\/lydiepatonnier.fr\/index.php?rest_route=\/wp\/v2\/users\/1"}],"replies":[{"embeddable":true,"href":"https:\/\/lydiepatonnier.fr\/index.php?rest_route=%2Fwp%2Fv2%2Fcomments&post=81"}],"version-history":[{"count":35,"href":"https:\/\/lydiepatonnier.fr\/index.php?rest_route=\/wp\/v2\/pages\/81\/revisions"}],"predecessor-version":[{"id":533,"href":"https:\/\/lydiepatonnier.fr\/index.php?rest_route=\/wp\/v2\/pages\/81\/revisions\/533"}],"wp:attachment":[{"href":"https:\/\/lydiepatonnier.fr\/index.php?rest_route=%2Fwp%2Fv2%2Fmedia&parent=81"}],"curies":[{"name":"wp","href":"https:\/\/api.w.org\/{rel}","templated":true}]}}